{"id":248,"date":"2016-07-29T12:17:59","date_gmt":"2016-07-29T10:17:59","guid":{"rendered":"http:\/\/www.carmensylvahaus.de\/homepage\/?page_id=248"},"modified":"2020-01-23T10:37:32","modified_gmt":"2020-01-23T08:37:32","slug":"unsere-pflegeangebote","status":"publish","type":"page","link":"https:\/\/www.carmensylvahaus.de\/homepage\/unsere-pflegeangebote\/","title":{"rendered":"Unsere Pflegeangebote"},"content":{"rendered":"<p>Der Tr\u00e4gerverein des Carmen Sylva Hauses stellt sich die Aufgabe, eine Kranken- und Altenpflege zu erbringen und zu f\u00f6rdern, die das Menschenbild Rudolf Steiners zur Grundlage hat.<\/p>\n<p>Ziel ist es, sich an den individuellen Bed\u00fcrfnissen der Bewohner zu orientieren und ihnen ein Zuhause zu geben.<\/p>\n<p><a href=\"\/homepage\/pflegekonzept\"><span style=\"color: #008080;\">Pflegekonzept<\/span><\/a><\/p>\n<p><a href=\"\/homepage\/qualitaetspruefung\/\">Qualit\u00e4tspr\u00fcfung<\/a><\/p>\n<p><a href=\"\/homepage\/stationaere-pflege-2\/\">Station\u00e4re Pflege<\/a><\/p>\n<p><a href=\"\/homepage\/die-haeusliche-pflege\/\">H\u00e4usliche Pflege<\/a><\/p>\n<p><a href=\"\/homepage\/die-tagespflege\/\">Tagespflege<\/a><\/p>\n<p><a href=\"\/homepage\/preisliste-stationaer\/\">Preisliste Station\u00e4r<\/a><\/p>\n\n\n<p><\/p>\n","protected":false},"excerpt":{"rendered":"<p>Der Tr\u00e4gerverein des Carmen Sylva Hauses stellt sich die Aufgabe, eine Kranken- und Altenpflege zu erbringen und zu f\u00f6rdern, die das Menschenbild Rudolf Steiners zur Grundlage hat. Ziel ist es, sich an den individuellen Bed\u00fcrfnissen der Bewohner zu orientieren und ihnen ein Zuhause zu geben. Pflegekonzept Qualit\u00e4tspr\u00fcfung Station\u00e4re Pflege H\u00e4usliche Pflege Tagespflege Preisliste Station\u00e4r<\/p>\n","protected":false},"author":1,"featured_media":0,"parent":0,"menu_order":0,"comment_status":"closed","ping_status":"closed","template":"","meta":{"footnotes":""},"class_list":["post-248","page","type-page","status-publish","hentry"],"_links":{"self":[{"href":"https:\/\/www.carmensylvahaus.de\/homepage\/wp-json\/wp\/v2\/pages\/248","targetHints":{"allow":["GET"]}}],"collection":[{"href":"https:\/\/www.carmensylvahaus.de\/homepage\/wp-json\/wp\/v2\/pages"}],"about":[{"href":"https:\/\/www.carmensylvahaus.de\/homepage\/wp-json\/wp\/v2\/types\/page"}],"author":[{"embeddable":true,"href":"https:\/\/www.carmensylvahaus.de\/homepage\/wp-json\/wp\/v2\/users\/1"}],"replies":[{"embeddable":true,"href":"https:\/\/www.carmensylvahaus.de\/homepage\/wp-json\/wp\/v2\/comments?post=248"}],"version-history":[{"count":4,"href":"https:\/\/www.carmensylvahaus.de\/homepage\/wp-json\/wp\/v2\/pages\/248\/revisions"}],"predecessor-version":[{"id":712,"href":"https:\/\/www.carmensylvahaus.de\/homepage\/wp-json\/wp\/v2\/pages\/248\/revisions\/712"}],"wp:attachment":[{"href":"https:\/\/www.carmensylvahaus.de\/homepage\/wp-json\/wp\/v2\/media?parent=248"}],"curies":[{"name":"wp","href":"https:\/\/api.w.org\/{rel}","templated":true}]}}