{"id":259,"date":"2016-07-29T12:31:12","date_gmt":"2016-07-29T10:31:12","guid":{"rendered":"http:\/\/www.carmensylvahaus.de\/homepage\/?page_id=259"},"modified":"2025-11-26T09:22:44","modified_gmt":"2025-11-26T07:22:44","slug":"neuigkeiten","status":"publish","type":"page","link":"https:\/\/www.carmensylvahaus.de\/homepage\/neuigkeiten\/","title":{"rendered":"Links"},"content":{"rendered":"\n<figure class=\"wp-block-image size-large is-resized\"><a href=\"https:\/\/www.instagram.com\/carmen.sylva.haus\" target=\"_blank\" rel=\" noreferrer noopener\"><img loading=\"lazy\" decoding=\"async\" width=\"1024\" height=\"1024\" src=\"https:\/\/www.carmensylvahaus.de\/homepage\/wp-content\/uploads\/2025\/10\/instagram-logo-instagram-icon-transparent-free-png-1024x1024.png\" alt=\"\" class=\"wp-image-1075\" style=\"width:119px;height:auto\" srcset=\"https:\/\/www.carmensylvahaus.de\/homepage\/wp-content\/uploads\/2025\/10\/instagram-logo-instagram-icon-transparent-free-png-1024x1024.png 1024w, https:\/\/www.carmensylvahaus.de\/homepage\/wp-content\/uploads\/2025\/10\/instagram-logo-instagram-icon-transparent-free-png-300x300.png 300w, https:\/\/www.carmensylvahaus.de\/homepage\/wp-content\/uploads\/2025\/10\/instagram-logo-instagram-icon-transparent-free-png-150x150.png 150w, https:\/\/www.carmensylvahaus.de\/homepage\/wp-content\/uploads\/2025\/10\/instagram-logo-instagram-icon-transparent-free-png-768x768.png 768w, https:\/\/www.carmensylvahaus.de\/homepage\/wp-content\/uploads\/2025\/10\/instagram-logo-instagram-icon-transparent-free-png-1536x1536.png 1536w, https:\/\/www.carmensylvahaus.de\/homepage\/wp-content\/uploads\/2025\/10\/instagram-logo-instagram-icon-transparent-free-png-270x270.png 270w, https:\/\/www.carmensylvahaus.de\/homepage\/wp-content\/uploads\/2025\/10\/instagram-logo-instagram-icon-transparent-free-png.png 1920w\" sizes=\"auto, (max-width: 1024px) 100vw, 1024px\" \/><\/a><\/figure>\n\n\n\n<p>Jetzt auch auf <a href=\"https:\/\/www.instagram.com\/carmen.sylva.haus\" target=\"_blank\" rel=\"noreferrer noopener\">Instagram<\/a> &#8211; <a href=\"https:\/\/www.instagram.com\/carmen.sylva.haus\" target=\"_blank\" rel=\"noreferrer noopener nofollow\">https:\/\/www.instagram.com\/carmen.sylva.haus<\/a><\/p>\n\n\n\n<h2 class=\"wp-block-heading\">Freunde, Partner, hilfreiche Einrichtungen<\/h2>\n\n\n\n<h3 class=\"wp-block-heading\">Das Nikodemuswerk<\/h3>\n\n\n\n<p>Bund f\u00fcr gemeinn\u00fctzige Altenhilfe aus Anthroposophie und Christengemeinschaft. Das Carmen-Silva-Haus gGmbH ist hier Mitglied.<\/p>\n\n\n\n<p><a href=\"https:\/\/www.nikodemuswerk.de\" target=\"_blank\" rel=\"noreferrer noopener nofollow\">https:\/\/www.nikodemuswerk.de<\/a><\/p>\n\n\n\n<h3 class=\"wp-block-heading\">Lebenszeiten Wuppertal e.V.<\/h3>\n\n\n\n<p>Ambulanter Hospiz und Palliativ-Beratungsdienst. Begleitung schwerkranker Menschen und ihrer Angeh\u00f6rigen. Informationen u.a. zu M\u00f6glichkeiten der Schmerztherapie, Palliativpflege und Patientenverf\u00fcgung. Trauerbegleitung.<\/p>\n\n\n\n<p><a href=\"https:\/\/hospizwuppertal.de\" target=\"_blank\" rel=\"noreferrer noopener nofollow\">https:\/\/hospizwuppertal.de<\/a><\/p>\n\n\n\n<h3 class=\"wp-block-heading\">Der Parit\u00e4tische in Wuppertal<\/h3>\n\n\n\n<p>Der Parit\u00e4tische in Wuppertal ist der Dachverband und die Plattform f\u00fcr rechtlich selbstst\u00e4ndige und gemeinn\u00fctzige Vereine und Gesellschaften sowie Selbsthilfegruppen, die mit ihren Angeboten, Diensten und Einrichtungen vielf\u00e4ltige soziale Hilfen f\u00fcr die Menschen vor Ort bereit halten. In der \u00f6rtlichen Gesch\u00e4ftsstelle finden die Mitgliedsorganisationen und alle B\u00fcrgerinnen und B\u00fcrger Ansprechpartnerinnen, die ihnen weiterhelfen.<\/p>\n\n\n\n<p><a href=\"https:\/\/www.paritaetischer-wuppertal.de\" target=\"_blank\" rel=\"noreferrer noopener nofollow\">https:\/\/www.paritaetischer-wuppertal.de<\/a><\/p>\n\n\n\n<p><\/p>\n","protected":false},"excerpt":{"rendered":"<p>Jetzt auch auf Instagram &#8211; https:\/\/www.instagram.com\/carmen.sylva.haus Freunde, Partner, hilfreiche Einrichtungen Das Nikodemuswerk Bund f\u00fcr gemeinn\u00fctzige Altenhilfe aus Anthroposophie und Christengemeinschaft. Das Carmen-Silva-Haus gGmbH ist hier Mitglied. https:\/\/www.nikodemuswerk.de Lebenszeiten Wuppertal e.V. Ambulanter Hospiz und Palliativ-Beratungsdienst. Begleitung schwerkranker Menschen und ihrer Angeh\u00f6rigen. Informationen u.a. zu M\u00f6glichkeiten der Schmerztherapie, Palliativpflege und Patientenverf\u00fcgung. Trauerbegleitung. https:\/\/hospizwuppertal.de Der Parit\u00e4tische in Wuppertal Der Parit\u00e4tische in Wuppertal ist der Dachverband und die Plattform f\u00fcr rechtlich selbstst\u00e4ndige und gemeinn\u00fctzige Vereine und Gesellschaften sowie Selbsthilfegruppen, die mit ihren Angeboten, Diensten&#8230;<\/p>\n<p class=\"read-more\"><a class=\"btn btn-default\" href=\"https:\/\/www.carmensylvahaus.de\/homepage\/neuigkeiten\/\">Weiterlesen<span class=\"screen-reader-text\"> Weiterlesen<\/span><\/a><\/p>\n","protected":false},"author":1,"featured_media":0,"parent":0,"menu_order":0,"comment_status":"closed","ping_status":"closed","template":"","meta":{"footnotes":""},"class_list":["post-259","page","type-page","status-publish","hentry"],"_links":{"self":[{"href":"https:\/\/www.carmensylvahaus.de\/homepage\/wp-json\/wp\/v2\/pages\/259","targetHints":{"allow":["GET"]}}],"collection":[{"href":"https:\/\/www.carmensylvahaus.de\/homepage\/wp-json\/wp\/v2\/pages"}],"about":[{"href":"https:\/\/www.carmensylvahaus.de\/homepage\/wp-json\/wp\/v2\/types\/page"}],"author":[{"embeddable":true,"href":"https:\/\/www.carmensylvahaus.de\/homepage\/wp-json\/wp\/v2\/users\/1"}],"replies":[{"embeddable":true,"href":"https:\/\/www.carmensylvahaus.de\/homepage\/wp-json\/wp\/v2\/comments?post=259"}],"version-history":[{"count":28,"href":"https:\/\/www.carmensylvahaus.de\/homepage\/wp-json\/wp\/v2\/pages\/259\/revisions"}],"predecessor-version":[{"id":1120,"href":"https:\/\/www.carmensylvahaus.de\/homepage\/wp-json\/wp\/v2\/pages\/259\/revisions\/1120"}],"wp:attachment":[{"href":"https:\/\/www.carmensylvahaus.de\/homepage\/wp-json\/wp\/v2\/media?parent=259"}],"curies":[{"name":"wp","href":"https:\/\/api.w.org\/{rel}","templated":true}]}}