{"id":290,"date":"2016-07-29T13:20:34","date_gmt":"2016-07-29T11:20:34","guid":{"rendered":"http:\/\/www.carmensylvahaus.de\/homepage\/?page_id=290"},"modified":"2025-11-09T16:13:41","modified_gmt":"2025-11-09T14:13:41","slug":"unser-leitbild","status":"publish","type":"page","link":"https:\/\/www.carmensylvahaus.de\/homepage\/unser-leitbild\/","title":{"rendered":"Unser Leitbild"},"content":{"rendered":"<p><a href=\"http:\/\/www.carmensylvahaus.de\/homepage\/wp-content\/uploads\/2016\/07\/sommerfest-3-_ba.jpg\"><img loading=\"lazy\" decoding=\"async\" class=\"alignnone size-full wp-image-213\" src=\"http:\/\/www.carmensylvahaus.de\/homepage\/wp-content\/uploads\/2016\/07\/sommerfest-3-_ba.jpg\" alt=\"sommerfest-3-_ba\" width=\"335\" height=\"500\" srcset=\"https:\/\/www.carmensylvahaus.de\/homepage\/wp-content\/uploads\/2016\/07\/sommerfest-3-_ba.jpg 335w, https:\/\/www.carmensylvahaus.de\/homepage\/wp-content\/uploads\/2016\/07\/sommerfest-3-_ba-201x300.jpg 201w\" sizes=\"auto, (max-width: 335px) 100vw, 335px\" \/><\/a><\/p>\n<h3><span style=\"color: #008080;\"><strong>Leitbild Carmen-Sylva-Haus gGmbH<\/strong><\/span><\/h3>\n<p>Der Carmen-Sylva-Haus gGmbH begleitet mit seinen hauptamtlich &#8211; und ehrenamtlich Mitarbeitern die uns anvertrauten Menschen in der Schlo\u00dfstr 16. Dabei steht stets das Individuum in seiner Ganzheit im Mittelpunkt. Als Geisteshaltung unserer Arbeit st\u00fctzt uns die Anthroposophie mit dem Pflegemodell \u201eSch\u00f6pferisch Pflegen\u201c.<\/p>\n<p>Eine stetige Weiterentwicklung und somit die Steigerung der Qualit\u00e4t ist allen Mitarbeitern, ob in der Pflege, Verwaltung, Hauswirtschaft oder im Verein \u00e4u\u00dferst wichtig. Dies wollen wir bewusst gestalten um die Menschen immer gut zu begleiten und die Ideen des Vereins zu f\u00f6rdern. So wird die Arbeit in den verschiedenen Gremien regelm\u00e4\u00dfig reflektiert und \u00a0es finden Fortbildungsangebote statt. Der Carmen-Sylva-Haus gGmbH f\u00fchlt sich verpflichtet die Zukunft auch durch Ausbildung mit zu gestalten.<\/p>\n<p>Unsere Pflegeeinrichtungen des Carmen-Sylva-Haus gGmbH sind klein und wollen klein bleiben. Uns ist wichtig, dass eine angemessene Wirtschaftlichkeit und Wahrung der nat\u00fcrlichen Ressourcen gewahrt wird. R\u00e4umlich f\u00fchlen wir uns mit unserer Tagespflege und unserer Altenpflegeeinrichtung in dem Quartier \u201eKothen\u201c und dem Stadtteil \u201eUnterbarmen\u201c sehr verbunden und m\u00f6chten Menschen dort begleiten und versorgen.<\/p>\n<p>Stand \u2013 21.02.2024<\/p>\n","protected":false},"excerpt":{"rendered":"<p>Leitbild Carmen-Sylva-Haus gGmbH Der Carmen-Sylva-Haus gGmbH begleitet mit seinen hauptamtlich &#8211; und ehrenamtlich Mitarbeitern die uns anvertrauten Menschen in der Schlo\u00dfstr 16. Dabei steht stets das Individuum in seiner Ganzheit im Mittelpunkt. Als Geisteshaltung unserer Arbeit st\u00fctzt uns die Anthroposophie mit dem Pflegemodell \u201eSch\u00f6pferisch Pflegen\u201c. Eine stetige Weiterentwicklung und somit die Steigerung der Qualit\u00e4t ist allen Mitarbeitern, ob in der Pflege, Verwaltung, Hauswirtschaft oder im Verein \u00e4u\u00dferst wichtig. Dies wollen wir bewusst gestalten um die Menschen immer gut zu begleiten&#8230;<\/p>\n<p class=\"read-more\"><a class=\"btn btn-default\" href=\"https:\/\/www.carmensylvahaus.de\/homepage\/unser-leitbild\/\">Weiterlesen<span class=\"screen-reader-text\"> Weiterlesen<\/span><\/a><\/p>\n","protected":false},"author":1,"featured_media":0,"parent":0,"menu_order":0,"comment_status":"closed","ping_status":"closed","template":"","meta":{"footnotes":""},"class_list":["post-290","page","type-page","status-publish","hentry"],"_links":{"self":[{"href":"https:\/\/www.carmensylvahaus.de\/homepage\/wp-json\/wp\/v2\/pages\/290","targetHints":{"allow":["GET"]}}],"collection":[{"href":"https:\/\/www.carmensylvahaus.de\/homepage\/wp-json\/wp\/v2\/pages"}],"about":[{"href":"https:\/\/www.carmensylvahaus.de\/homepage\/wp-json\/wp\/v2\/types\/page"}],"author":[{"embeddable":true,"href":"https:\/\/www.carmensylvahaus.de\/homepage\/wp-json\/wp\/v2\/users\/1"}],"replies":[{"embeddable":true,"href":"https:\/\/www.carmensylvahaus.de\/homepage\/wp-json\/wp\/v2\/comments?post=290"}],"version-history":[{"count":5,"href":"https:\/\/www.carmensylvahaus.de\/homepage\/wp-json\/wp\/v2\/pages\/290\/revisions"}],"predecessor-version":[{"id":1103,"href":"https:\/\/www.carmensylvahaus.de\/homepage\/wp-json\/wp\/v2\/pages\/290\/revisions\/1103"}],"wp:attachment":[{"href":"https:\/\/www.carmensylvahaus.de\/homepage\/wp-json\/wp\/v2\/media?parent=290"}],"curies":[{"name":"wp","href":"https:\/\/api.w.org\/{rel}","templated":true}]}}