{"id":342,"date":"2016-08-11T09:47:45","date_gmt":"2016-08-11T07:47:45","guid":{"rendered":"http:\/\/www.carmensylvahaus.de\/homepage\/?page_id=342"},"modified":"2022-01-22T17:20:42","modified_gmt":"2022-01-22T15:20:42","slug":"rudolf-steiner","status":"publish","type":"page","link":"https:\/\/www.carmensylvahaus.de\/homepage\/rudolf-steiner\/","title":{"rendered":"Rudolf Steiner"},"content":{"rendered":"<p><a href=\"https:\/\/www.carmensylvahaus.de\/homepage\/wp-content\/uploads\/2022\/01\/Steiner_um_1905.jpg\"><img loading=\"lazy\" decoding=\"async\" class=\"alignleft wp-image-920 size-medium\" src=\"https:\/\/www.carmensylvahaus.de\/homepage\/wp-content\/uploads\/2022\/01\/Steiner_um_1905-224x300.jpg\" alt=\"Rudolf Steiner \" width=\"224\" height=\"300\" srcset=\"https:\/\/www.carmensylvahaus.de\/homepage\/wp-content\/uploads\/2022\/01\/Steiner_um_1905-224x300.jpg 224w, https:\/\/www.carmensylvahaus.de\/homepage\/wp-content\/uploads\/2022\/01\/Steiner_um_1905-766x1024.jpg 766w, https:\/\/www.carmensylvahaus.de\/homepage\/wp-content\/uploads\/2022\/01\/Steiner_um_1905-768x1027.jpg 768w, https:\/\/www.carmensylvahaus.de\/homepage\/wp-content\/uploads\/2022\/01\/Steiner_um_1905-202x270.jpg 202w, https:\/\/www.carmensylvahaus.de\/homepage\/wp-content\/uploads\/2022\/01\/Steiner_um_1905.jpg 773w\" sizes=\"auto, (max-width: 224px) 100vw, 224px\" \/><\/a><\/p>\n<h3><span style=\"color: #008080;\">Zur Person:<\/span><\/h3>\n<p>Steiner war <a class=\"mw-redirect\" title=\"Goethe\" href=\"http:\/\/anthrowiki.at\/Goethe\">Goethe<\/a>-Forscher, Philosoph und <a title=\"Esoterik\" href=\"http:\/\/anthrowiki.at\/Esoterik\">Esoteriker<\/a>. Er begr\u00fcndete die <a title=\"Anthroposophie\" href=\"http:\/\/anthrowiki.at\/Anthroposophie\">Anthroposophie<\/a> als <a title=\"Geisteswissenschaft\" href=\"http:\/\/anthrowiki.at\/Geisteswissenschaft\">Wissenschaft vom Geistigen<\/a> und schuf mit der <a title=\"Eurythmie\" href=\"http:\/\/anthrowiki.at\/Eurythmie\">Eurythmie<\/a> eine neue Bewegungskunst sowie mit dem <a title=\"Goetheanum\" href=\"http:\/\/anthrowiki.at\/Goetheanum\">Goetheanum<\/a> in Dornach als einer unabh\u00e4ngigen Hochschule f\u00fcr Geisteswissenschaften und durch weitere Bauten einen neuen, organischen Architekturstil. In erheblichem Umfang gab er Anleitung f\u00fcr die <a title=\"Sprachgestaltung\" href=\"http:\/\/anthrowiki.at\/Sprachgestaltung\">Kunst der Rezitation und Deklamation<\/a>.<\/p>\n<p>Die <a title=\"Waldorfschule\" href=\"http:\/\/anthrowiki.at\/Waldorfschule\">Waldorfschule<\/a> erm\u00f6glicht ein nat\u00fcrlicheres Lernen, die <a title=\"Biologisch-dynamische Landwirtschaft\" href=\"http:\/\/anthrowiki.at\/Biologisch-dynamische_Landwirtschaft\">biologisch-dynamische Landwirtschaft<\/a> lebensvolle Ern\u00e4hrung, der Gedanke der <a title=\"Soziale Dreigliederung\" href=\"http:\/\/anthrowiki.at\/Soziale_Dreigliederung\">Dreigliederung des sozialen Organismus<\/a> soll das Prinzip der Freiheit im Geistesleben, der Gleichheit im Rechtsleben und der Br\u00fcderlichkeit im Wirtschaftsleben erm\u00f6glichen. Gemeinsam mit <a title=\"Ita Wegman\" href=\"http:\/\/anthrowiki.at\/Ita_Wegman\">Ita Wegman<\/a> schuf Steiner die <a title=\"Anthroposophische Medizin\" href=\"http:\/\/anthrowiki.at\/Anthroposophische_Medizin\">anthroposophisch erweiterte Medizin<\/a>. Auch zu weiteren K\u00fcnsten und zu den Naturwissenschaften hat er Fachleuten, meist auf deren Bitten, Anregungen gegeben.<\/p>\n<p>(&#8230;)<\/p>\n<p>Rudolf Steiner hat neben 24 B\u00fcchern eine Vielzahl von Schriften und Artikeln ver\u00f6ffentlicht und rund 5900 Vortr\u00e4ge im In- und Ausland gehalten. Ein Gro\u00dfteil der Vortr\u00e4ge ist in Mitschriften von Berufsstenographen und Vortragszuh\u00f6rern erhalten geblieben. Sie erschienen zun\u00e4chst h\u00e4ufig im Privatdruck und in Zeitschriften . Sp\u00e4ter begannen verschiedene Verlage (u.a. Philosophisch-anthroposophischer Verlag, Rudolf-Steiner Verlag) die Vortr\u00e4ge, B\u00fccher im engeren Sinne wie auch die dazu geh\u00f6rigen Wandtafelbilder zu edieren und publizieren.<\/p>\n<p>aus: <a href=\"https:\/\/anthrowiki.at\/Rudolf_Steiner\" target=\"_blank\" rel=\"noopener\">https:\/\/anthrowiki.at\/Rudolf_Steiner<\/a><\/p>\n<p>Wir verweisen gerne auf Links innerhalb des Textes zu den jeweiligen speziellen Themen.<\/p>\n<p>Abbildung \u00fcbernommen aus Wolfgang G. V\u00f6gele, Der andere Rudolf Steiner &#8211; Augenzeugenberichte, Interviews, Karikaturen, 2005, S. 116, Gemeinfrei, <a href=\"https:\/\/commons.wikimedia.org\/w\/index.php?curid=1528429\">Link<\/a><\/p>\n","protected":false},"excerpt":{"rendered":"<p>Zur Person: Steiner war Goethe-Forscher, Philosoph und Esoteriker. Er begr\u00fcndete die Anthroposophie als Wissenschaft vom Geistigen und schuf mit der Eurythmie eine neue Bewegungskunst sowie mit dem Goetheanum in Dornach als einer unabh\u00e4ngigen Hochschule f\u00fcr Geisteswissenschaften und durch weitere Bauten einen neuen, organischen Architekturstil. In erheblichem Umfang gab er Anleitung f\u00fcr die Kunst der Rezitation und Deklamation. Die Waldorfschule erm\u00f6glicht ein nat\u00fcrlicheres Lernen, die biologisch-dynamische Landwirtschaft lebensvolle Ern\u00e4hrung, der Gedanke der Dreigliederung des sozialen Organismus soll das Prinzip der Freiheit&#8230;<\/p>\n<p class=\"read-more\"><a class=\"btn btn-default\" href=\"https:\/\/www.carmensylvahaus.de\/homepage\/rudolf-steiner\/\">Weiterlesen<span class=\"screen-reader-text\"> Weiterlesen<\/span><\/a><\/p>\n","protected":false},"author":1,"featured_media":0,"parent":0,"menu_order":0,"comment_status":"closed","ping_status":"closed","template":"","meta":{"footnotes":""},"class_list":["post-342","page","type-page","status-publish","hentry"],"_links":{"self":[{"href":"https:\/\/www.carmensylvahaus.de\/homepage\/wp-json\/wp\/v2\/pages\/342","targetHints":{"allow":["GET"]}}],"collection":[{"href":"https:\/\/www.carmensylvahaus.de\/homepage\/wp-json\/wp\/v2\/pages"}],"about":[{"href":"https:\/\/www.carmensylvahaus.de\/homepage\/wp-json\/wp\/v2\/types\/page"}],"author":[{"embeddable":true,"href":"https:\/\/www.carmensylvahaus.de\/homepage\/wp-json\/wp\/v2\/users\/1"}],"replies":[{"embeddable":true,"href":"https:\/\/www.carmensylvahaus.de\/homepage\/wp-json\/wp\/v2\/comments?post=342"}],"version-history":[{"count":4,"href":"https:\/\/www.carmensylvahaus.de\/homepage\/wp-json\/wp\/v2\/pages\/342\/revisions"}],"predecessor-version":[{"id":921,"href":"https:\/\/www.carmensylvahaus.de\/homepage\/wp-json\/wp\/v2\/pages\/342\/revisions\/921"}],"wp:attachment":[{"href":"https:\/\/www.carmensylvahaus.de\/homepage\/wp-json\/wp\/v2\/media?parent=342"}],"curies":[{"name":"wp","href":"https:\/\/api.w.org\/{rel}","templated":true}]}}