{"id":402,"date":"2016-08-15T10:50:12","date_gmt":"2016-08-15T08:50:12","guid":{"rendered":"http:\/\/www.carmensylvahaus.de\/homepage\/?page_id=402"},"modified":"2025-11-05T10:48:31","modified_gmt":"2025-11-05T08:48:31","slug":"impressum-2","status":"publish","type":"page","link":"https:\/\/www.carmensylvahaus.de\/homepage\/impressum-2\/","title":{"rendered":"Impressum\/Kontakt"},"content":{"rendered":"<div class=\"wp-block-group\">\n<div class=\"wp-block-group__inner-container\">\n<div class=\"entry-content\">\n<div class=\"wp-block-group\">\n<div class=\"wp-block-group__inner-container\">\n<p>V.i.S.d.P. N.N. Gesch\u00e4ftsf\u00fchrer Ralf Lottmann<\/p>\n<p><strong>Einrichtungsleitung<\/strong>:<\/p>\n<ul>\n<li>Frau Nicole Ciupka &#8211; vollstation\u00e4re Pflegeeinrichtung<\/li>\n<li>Herr Mustafa Emir &#8211; Tageseinrichtung<\/li>\n<\/ul>\n<\/div>\n<\/div>\n<\/div>\n<div class=\"entry-content\">\n<div class=\"wp-block-group\">\n<div class=\"wp-block-group__inner-container\">\n<p><strong>Carmen Sylva Haus gGmbH<\/strong><br \/>\nSchlo\u00dfstra\u00dfe 16<br \/>\n42285 Wuppertal<br \/>\nFax: 0202\/94 79 75 &#8211; 85<br \/>\n<a href=\"mailto:heimleitung@carmensylvahaus.de\">heimleitung@carmensylvahaus.de<\/a><\/p>\n<p><a href=\"http:\/\/www.carmensylvahaus.de\" target=\"_blank\" rel=\"noopener noreferrer\">www.carmensylvahaus.de<\/a><\/p>\n<h4><strong>Verwaltung:<\/strong><\/h4>\n<ul>\n<li>Frau Melanie Albrecht &#8211; Tel. 02 02\/94 79 75 &#8211; 60<\/li>\n<\/ul>\n<h4><strong>Station\u00e4re Pflege:<\/strong><\/h4>\n<ul>\n<li>Pflegedienstleigung:\u00a0 Herr Mustafa Emir &#8211; Tel. 02 02\/94 79 75 &#8211; 61<\/li>\n<li>Stellv. Pflegedienstleitung: Frau Nadja Springer &#8211; Tel. 02 02\/94 79 75 &#8211; 64<\/li>\n<li>Pflege und Bewohner &#8211; Tel. 0202\/94 79 75 &#8211; 66<\/li>\n<\/ul>\n<h4><strong>Tagespflege:<\/strong><\/h4>\n<ul>\n<li>Pflegedienstleitung:\u00a0 Frau Susanne Zander &#8211; Tel. 02 02\/94 79 75 &#8211; 62<\/li>\n<li>Stellv. Pflegedienstleitung: Frau Stephanie Wahl &#8211; Tel. 02 02\/94 79 75 &#8211; 63<\/li>\n<\/ul>\n<p>Handelsregister B35862<\/p>\n<p style=\"text-align: left;\"><strong>Kontaktmail f\u00fcr allgemeine Fragen und auch spezielle Informationsw\u00fcnsche:<br \/>\n<\/strong><\/p>\n<p><a href=\"mailto:verwaltung@carmensylvahaus.de\"> verwaltung@carmensylvahaus.de<\/a><\/p>\n<\/div>\n<h3>HINWEIS<\/h3>\n<p style=\"text-align: left;\">Nach dem am 1. April 2016 in Kraft getretenen \u201eVerbraucherstreitbeilegungsgesetz\u201c (!!) sind wir zu folgender Information in \u201eleicht zug\u00e4nglicher, klarer und verst\u00e4ndlicher\u201c Form verpflichtet: Unser Haus ist nicht verpflichtet und auch nicht bereit, an einem Streitbeilegungsverfahren vor einer Verbraucherschlichtungsstelle teilzunehmen. Sollte es n\u00e4mlich wirklich einmal zu Streitigkeiten aus abgeschlossenen Betreuungs-, Miet-, Pflege- oder sonstigen Vertr\u00e4gen kommen, so vertrauen wir weiterhin darauf, diese im Rahmen unserer Qualit\u00e4tsgrunds\u00e4tze und -verfahren in beiderseits zufriedenstellender Weise beizulegen.<\/p>\n<\/div>\n<\/div>\n<\/div>\n<\/div>\n","protected":false},"excerpt":{"rendered":"<p>V.i.S.d.P. N.N. Gesch\u00e4ftsf\u00fchrer Ralf Lottmann Einrichtungsleitung: Frau Nicole Ciupka &#8211; vollstation\u00e4re Pflegeeinrichtung Herr Mustafa Emir &#8211; Tageseinrichtung Carmen Sylva Haus gGmbH Schlo\u00dfstra\u00dfe 16 42285 Wuppertal Fax: 0202\/94 79 75 &#8211; 85 heimleitung@carmensylvahaus.de www.carmensylvahaus.de Verwaltung: Frau Melanie Albrecht &#8211; Tel. 02 02\/94 79 75 &#8211; 60 Station\u00e4re Pflege: Pflegedienstleigung:\u00a0 Herr Mustafa Emir &#8211; Tel. 02 02\/94 79 75 &#8211; 61 Stellv. Pflegedienstleitung: Frau Nadja Springer &#8211; Tel. 02 02\/94 79 75 &#8211; 64 Pflege und Bewohner &#8211; Tel. 0202\/94 79 75&#8230;<\/p>\n<p class=\"read-more\"><a class=\"btn btn-default\" href=\"https:\/\/www.carmensylvahaus.de\/homepage\/impressum-2\/\">Weiterlesen<span class=\"screen-reader-text\"> Weiterlesen<\/span><\/a><\/p>\n","protected":false},"author":3,"featured_media":0,"parent":0,"menu_order":0,"comment_status":"closed","ping_status":"closed","template":"","meta":{"footnotes":""},"class_list":["post-402","page","type-page","status-publish","hentry"],"_links":{"self":[{"href":"https:\/\/www.carmensylvahaus.de\/homepage\/wp-json\/wp\/v2\/pages\/402","targetHints":{"allow":["GET"]}}],"collection":[{"href":"https:\/\/www.carmensylvahaus.de\/homepage\/wp-json\/wp\/v2\/pages"}],"about":[{"href":"https:\/\/www.carmensylvahaus.de\/homepage\/wp-json\/wp\/v2\/types\/page"}],"author":[{"embeddable":true,"href":"https:\/\/www.carmensylvahaus.de\/homepage\/wp-json\/wp\/v2\/users\/3"}],"replies":[{"embeddable":true,"href":"https:\/\/www.carmensylvahaus.de\/homepage\/wp-json\/wp\/v2\/comments?post=402"}],"version-history":[{"count":32,"href":"https:\/\/www.carmensylvahaus.de\/homepage\/wp-json\/wp\/v2\/pages\/402\/revisions"}],"predecessor-version":[{"id":1095,"href":"https:\/\/www.carmensylvahaus.de\/homepage\/wp-json\/wp\/v2\/pages\/402\/revisions\/1095"}],"wp:attachment":[{"href":"https:\/\/www.carmensylvahaus.de\/homepage\/wp-json\/wp\/v2\/media?parent=402"}],"curies":[{"name":"wp","href":"https:\/\/api.w.org\/{rel}","templated":true}]}}