{"id":466,"date":"2017-03-20T11:42:38","date_gmt":"2017-03-20T09:42:38","guid":{"rendered":"http:\/\/www.carmensylvahaus.de\/homepage\/?page_id=466"},"modified":"2023-11-10T11:36:03","modified_gmt":"2023-11-10T09:36:03","slug":"qualitaetspruefung","status":"publish","type":"page","link":"https:\/\/www.carmensylvahaus.de\/homepage\/qualitaetspruefung\/","title":{"rendered":"Qualit\u00e4tspr\u00fcfung"},"content":{"rendered":"<h3><span style=\"color: #008080;\">Qualit\u00e4tspr\u00fcfung mit Bestnote<\/span><\/h3>\n<p>Der vorl\u00e4ufige Transparenzbericht zu einer Qualit\u00e4tspr\u00fcfung durch den PKV-Pr\u00fcfdienst ist da. Demnach haben wir uns, das macht uns sehr stolz, in den Einzelbereichen wie in der Gesamtwertung mit &#8222;Sehr gut&#8220; abgeschlossen.<\/p>\n","protected":false},"excerpt":{"rendered":"<p>Qualit\u00e4tspr\u00fcfung mit Bestnote Der vorl\u00e4ufige Transparenzbericht zu einer Qualit\u00e4tspr\u00fcfung durch den PKV-Pr\u00fcfdienst ist da. Demnach haben wir uns, das macht uns sehr stolz, in den Einzelbereichen wie in der Gesamtwertung mit &#8222;Sehr gut&#8220; abgeschlossen.<\/p>\n","protected":false},"author":1,"featured_media":0,"parent":0,"menu_order":0,"comment_status":"closed","ping_status":"closed","template":"","meta":{"footnotes":""},"class_list":["post-466","page","type-page","status-publish","hentry"],"_links":{"self":[{"href":"https:\/\/www.carmensylvahaus.de\/homepage\/wp-json\/wp\/v2\/pages\/466","targetHints":{"allow":["GET"]}}],"collection":[{"href":"https:\/\/www.carmensylvahaus.de\/homepage\/wp-json\/wp\/v2\/pages"}],"about":[{"href":"https:\/\/www.carmensylvahaus.de\/homepage\/wp-json\/wp\/v2\/types\/page"}],"author":[{"embeddable":true,"href":"https:\/\/www.carmensylvahaus.de\/homepage\/wp-json\/wp\/v2\/users\/1"}],"replies":[{"embeddable":true,"href":"https:\/\/www.carmensylvahaus.de\/homepage\/wp-json\/wp\/v2\/comments?post=466"}],"version-history":[{"count":5,"href":"https:\/\/www.carmensylvahaus.de\/homepage\/wp-json\/wp\/v2\/pages\/466\/revisions"}],"predecessor-version":[{"id":1045,"href":"https:\/\/www.carmensylvahaus.de\/homepage\/wp-json\/wp\/v2\/pages\/466\/revisions\/1045"}],"wp:attachment":[{"href":"https:\/\/www.carmensylvahaus.de\/homepage\/wp-json\/wp\/v2\/media?parent=466"}],"curies":[{"name":"wp","href":"https:\/\/api.w.org\/{rel}","templated":true}]}}