{"id":72,"date":"2014-01-19T13:06:06","date_gmt":"2014-01-19T11:06:06","guid":{"rendered":"http:\/\/www.carmensylvahaus.de\/homepage\/?page_id=72"},"modified":"2025-11-09T16:20:05","modified_gmt":"2025-11-09T14:20:05","slug":"wdr5-podcast","status":"publish","type":"page","link":"https:\/\/www.carmensylvahaus.de\/homepage\/wdr5-podcast\/","title":{"rendered":"WDR 5 Podcast"},"content":{"rendered":"<p><img decoding=\"async\" src=\"http:\/\/www.carmensylvahaus.de\/homepage\/wp-content\/uploads\/2014\/01\/Carmen-Sylva-Portrait.jpg\" alt=\"Carmen Sylva (ca. 1890)\" \/><\/p>\n<p>Foto: Carmen Sylva (ca. 1890)<\/p>\n<h3><span style=\"color: #008080;\"><strong>Eine faszinierende Frau<\/strong><\/span><\/h3>\n<p>Am 29.12.2013 w\u00e4re Carmen Sylva &#8211; die Namenspatronin unseres Vereins &#8211; 170 Jahre alt geworden. Anl\u00e4sslich dieses besonderen Datums hat der <a title=\"Westdeutsche Rundfunk\" href=\"http:\/\/wdr.de\" target=\"_blank\" rel=\"noopener noreferrer\">Westdeutsche Rundfunk<\/a> Carmen Sylva eine Sendung der Reihe <a href=\"http:\/\/www.wdr5.de\/sendungen\/zeitzeichen\/\" target=\"_blank\" rel=\"noopener noreferrer\">WDR 5 Zeitzeichen<\/a> gewidmet. Wir danken der Redaktion Zeitzeichen des Westdeutschen Rundfunks f\u00fcr die Erlaubnis, Ihnen <a href=\"http:\/\/www.carmensylvahaus.de\/homepage\/wp-content\/uploads\/2014\/01\/Carmen-Sylva-WDR5_Zeitzeichen.mp3\" target=\"_blank\" rel=\"noopener noreferrer\">die Sendung<\/a> hier nochmals zum Nachh\u00f6ren oder Herunterladen zur Verf\u00fcgung stellen zu k\u00f6nnen.<\/p>\n<p><a href=\"http:\/\/www.carmensylvahaus.de\/homepage\/wp-content\/uploads\/2014\/01\/Carmen-Sylva-WDR5_Zeitzeichen.mp3\">Zum Podcast<\/a><\/p>\n","protected":false},"excerpt":{"rendered":"<p>Foto: Carmen Sylva (ca. 1890) Eine faszinierende Frau Am 29.12.2013 w\u00e4re Carmen Sylva &#8211; die Namenspatronin unseres Vereins &#8211; 170 Jahre alt geworden. Anl\u00e4sslich dieses besonderen Datums hat der Westdeutsche Rundfunk Carmen Sylva eine Sendung der Reihe WDR 5 Zeitzeichen gewidmet. Wir danken der Redaktion Zeitzeichen des Westdeutschen Rundfunks f\u00fcr die Erlaubnis, Ihnen die Sendung hier nochmals zum Nachh\u00f6ren oder Herunterladen zur Verf\u00fcgung stellen zu k\u00f6nnen. Zum Podcast<\/p>\n","protected":false},"author":1,"featured_media":0,"parent":0,"menu_order":0,"comment_status":"closed","ping_status":"open","template":"","meta":{"footnotes":""},"class_list":["post-72","page","type-page","status-publish","hentry"],"_links":{"self":[{"href":"https:\/\/www.carmensylvahaus.de\/homepage\/wp-json\/wp\/v2\/pages\/72","targetHints":{"allow":["GET"]}}],"collection":[{"href":"https:\/\/www.carmensylvahaus.de\/homepage\/wp-json\/wp\/v2\/pages"}],"about":[{"href":"https:\/\/www.carmensylvahaus.de\/homepage\/wp-json\/wp\/v2\/types\/page"}],"author":[{"embeddable":true,"href":"https:\/\/www.carmensylvahaus.de\/homepage\/wp-json\/wp\/v2\/users\/1"}],"replies":[{"embeddable":true,"href":"https:\/\/www.carmensylvahaus.de\/homepage\/wp-json\/wp\/v2\/comments?post=72"}],"version-history":[{"count":13,"href":"https:\/\/www.carmensylvahaus.de\/homepage\/wp-json\/wp\/v2\/pages\/72\/revisions"}],"predecessor-version":[{"id":1106,"href":"https:\/\/www.carmensylvahaus.de\/homepage\/wp-json\/wp\/v2\/pages\/72\/revisions\/1106"}],"wp:attachment":[{"href":"https:\/\/www.carmensylvahaus.de\/homepage\/wp-json\/wp\/v2\/media?parent=72"}],"curies":[{"name":"wp","href":"https:\/\/api.w.org\/{rel}","templated":true}]}}